{"id":172,"date":"2024-08-03T04:36:36","date_gmt":"2024-08-03T04:36:36","guid":{"rendered":"https:\/\/mescytportales-dnczd3cugqaka5bw.eastus2-01.azurewebsites.net\/?page_id=172"},"modified":"2025-03-26T07:49:04","modified_gmt":"2025-03-26T11:49:04","slug":"constitucion-de-la-republica-dominicana","status":"publish","type":"page","link":"https:\/\/mescyt.gob.do\/transparencia\/base-legal-de-la-institucion\/constitucion-de-la-republica-dominicana\/","title":{"rendered":"Constituci\u00f3n de la Rep\u00fablica Dominicana"},"content":{"rendered":"\t\t<div data-elementor-type=\"wp-page\" data-elementor-id=\"172\" class=\"elementor elementor-172\" data-elementor-post-type=\"page\">\n\t\t\t\t<div class=\"elementor-element elementor-element-168e0ba e-flex e-con-boxed e-con e-parent\" data-id=\"168e0ba\" data-element_type=\"container\">\n\t\t\t\t\t<div class=\"e-con-inner\">\n\t\t\t\t<div class=\"elementor-element elementor-element-eea12fa elementor-widget elementor-widget-text-editor\" data-id=\"eea12fa\" data-element_type=\"widget\" data-widget_type=\"text-editor.default\">\n\t\t\t\t<div class=\"elementor-widget-container\">\n\t\t\t<style>\/*! elementor - v3.23.0 - 25-07-2024 *\/\n.elementor-widget-text-editor.elementor-drop-cap-view-stacked .elementor-drop-cap{background-color:#69727d;color:#fff}.elementor-widget-text-editor.elementor-drop-cap-view-framed .elementor-drop-cap{color:#69727d;border:3px solid;background-color:transparent}.elementor-widget-text-editor:not(.elementor-drop-cap-view-default) .elementor-drop-cap{margin-top:8px}.elementor-widget-text-editor:not(.elementor-drop-cap-view-default) .elementor-drop-cap-letter{width:1em;height:1em}.elementor-widget-text-editor .elementor-drop-cap{float:left;text-align:center;line-height:1;font-size:50px}.elementor-widget-text-editor .elementor-drop-cap-letter{display:inline-block}<\/style>\t\t\t\t<p><span style=\"color: #005ebd;\"><span style=\"color: #003876;\"><a style=\"color: #003876;\" href=\"https:\/\/mescyt.gob.do\">Inicio<\/a>\/<a style=\"color: #003876;\" href=\"https:\/\/mescyt.gob.do\/transparencia\/\">Transparencia<\/a>\/Base Legal de la Instituci\u00f3n\/<\/span><span style=\"color: #ff0000;\"><a style=\"color: #ff0000;\" href=\"https:\/\/mescyt.gob.do\/transparencia\/base-legal-de-la-institucion\/constitucion-de-la-republica-dominicana\/\">Constituci\u00f3n de la Rep\u00fablica Dominicana<\/a><\/span><\/span><\/p>\t\t\t\t\t\t<\/div>\n\t\t\t\t<\/div>\n\t\t\t\t\t<\/div>\n\t\t\t\t<\/div>\n\t\t<div class=\"elementor-element elementor-element-45b65ab e-flex e-con-boxed e-con e-parent\" data-id=\"45b65ab\" data-element_type=\"container\">\n\t\t\t\t\t<div class=\"e-con-inner\">\n\t\t\t\t<div class=\"elementor-element elementor-element-cbf96ee elementor-widget elementor-widget-wpfd_choose_file\" data-id=\"cbf96ee\" data-element_type=\"widget\" data-widget_type=\"wpfd_choose_file.default\">\n\t\t\t\t<div class=\"elementor-widget-container\">\n\t\t\t<div id=\"wpfd-elementor-single-file\" class=\"wpfd-elementor-single-file\"><div class=\"wpfd-single-file pdf\" data-id=\"13858\" data-catid=\"19\">\n    <input type=\"hidden\" class=\"wpfd_file_preview_link_download\" value=\"https:\/\/mescyt.gob.do\/transparencia\/download\/19\/constitucion-de-la-republica\/13858\/constitucion-politica-de-la-republica-dominicana-votada-y-proclamada-por-la-asamblea-nacional-en-fecha-27-de-octubre-de-2024-deroga-la-constitucion-del-13-de-junio-de-2015.pdf\" data-filetitle=\"Constituci\u00f3n Pol\u00edtica de la Rep\u00fablica Dominicana, Votada y Proclamada por la Asamblea Nacional en fecha 27 de octubre de 2024. Deroga la Constituci\u00f3n del 13 de junio de 2015.\" data-fileicons=\"ext ext-pdf wpfd-icon-set-svg\" \/>\n    <div class=\"wpfd-single-file--icon\">\n            <a href=\"https:\/\/mescyt.gob.do\/transparencia\/wp-admin\/admin-ajax.php?juwpfisadmin&#x3D;false&amp;action&#x3D;wpfd&amp;task&#x3D;file.download&amp;wpfd_category_id&#x3D;19&amp;wpfd_file_id&#x3D;13858&amp;token&#x3D;&amp;preview&#x3D;1\" alt=\"Constituci\u00f3n Pol\u00edtica de la Rep\u00fablica Dominicana, Votada y Proclamada por la Asamblea Nacional en fecha 27 de octubre de 2024. Deroga la Constituci\u00f3n del 13 de junio de 2015.\" class=\"wpfdlightbox\" data-file-type=\"pdf\" data-id=\"13858\" data-catid=\"19\" >\n            <div class=\"wpfd-icon-placeholder\" style=\"background-image: url(&quot;https:\/\/mescyt.gob.do\/transparencia\/wp-content\/wp-file-download\/icons\/svg\/pdf.svg&quot;);border-radius: 15%;box-shadow: 0px 0px 0px 0px rgba(0,0,0,0);background-color: #CB0606;border: 0px solid rgba(0,0,0,0);background-size: 100%;\"><\/div>\n        <\/a>\n    <\/div>\n\n    <div class=\"wpfd-single-file--details wpfd-file-content\">\n                        <h3 class=\"wpfd-file-content--title\"><a href=\"https:\/\/mescyt.gob.do\/transparencia\/download\/19\/constitucion-de-la-republica\/13858\/constitucion-politica-de-la-republica-dominicana-votada-y-proclamada-por-la-asamblea-nacional-en-fecha-27-de-octubre-de-2024-deroga-la-constitucion-del-13-de-junio-de-2015.pdf\"  style=\"text-decoration: none\">Constituci\u00f3n Pol\u00edtica de la Rep\u00fablica Dominicana, Votada y Proclamada por la Asamblea Nacional en fecha 27 de octubre de 2024. Deroga la Constituci\u00f3n del 13 de junio de 2015.<\/a><\/h3>\n        <div class=\"wpfd-file-content--meta\">\n                    <div>File size: 844.06 KB<\/div>\n                    <div>Created: 06-02-2025<\/div>\n        <\/div>\n    <\/div>\n    <div class=\"wpfd-single-file--buttons\">\n                                <a href=\"https:\/\/mescyt.gob.do\/transparencia\/download\/19\/constitucion-de-la-republica\/13858\/constitucion-politica-de-la-republica-dominicana-votada-y-proclamada-por-la-asamblea-nacional-en-fecha-27-de-octubre-de-2024-deroga-la-constitucion-del-13-de-junio-de-2015.pdf\"   data-id=\"13858\" title=\"Constituci\u00f3n Pol\u00edtica de la Rep\u00fablica Dominicana, Votada y Proclamada por la Asamblea Nacional en fecha 27 de octubre de 2024. Deroga la Constituci\u00f3n del 13 de junio de 2015.\" class=\"noLightbox wpfd_downloadlink wpfd-single-file-button wpfd-button-download\">\n                    <svg xmlns=\"http:\/\/www.w3.org\/2000\/svg\" width=\"38\" height=\"38\" viewBox=\"0 0 400 400\"><g fill=\"#ffffff\"><path d=\"M400 200c0 112-89 200-201 200C88 400 0 311 0 199S89 0 201 0c111 0 199 89 199 200zm-179-8l-3-1V89c0-15-7-24-18-23-13 1-18 9-18 22v107l-34-35c-8-8-18-11-27-2-8 8-7 18 2 26l63 63c10 11 18 10 28 0l63-62c8-8 10-17 2-27-7-8-17-7-27 2l-31 32zm-21 113h82c13 0 24-4 32-14 10-14 8-29 6-44-1-4-8-9-12-8-5 0-9 6-12 10-2 3-1 8 0 13 1 13-5 17-18 17H131c-25 0-25 0-26-25-1-3 0-6-2-7-3-4-8-8-12-8s-10 5-11 9c-11 30 8 57 40 57h80z\"\/><\/g><\/svg>\n                    <span>Descargar<\/span>\n                <\/a>\n                    <a href=\"https:\/\/mescyt.gob.do\/transparencia\/wp-admin\/admin-ajax.php?juwpfisadmin&#x3D;false&amp;action&#x3D;wpfd&amp;task&#x3D;file.download&amp;wpfd_category_id&#x3D;19&amp;wpfd_file_id&#x3D;13858&amp;token&#x3D;&amp;preview&#x3D;1\"  class=\"wpfd-single-file-button wpfd-button-preview\" target=\"_blank\">\n                        <svg xmlns=\"http:\/\/www.w3.org\/2000\/svg\" width=\"38\" height=\"38\" viewBox=\"0 0 400 400\"><g fill=\"#ffffff\"><path d=\"M0 200V55C0 28 16 8 41 2a63 63 0 0115-2h289c32 0 55 23 55 54v248c0 10-6 16-15 16-8 0-14-6-14-16V56c0-16-11-27-28-27H57c-18 0-28 9-28 28v286c0 19 10 28 28 28h243c11 0 18 6 18 15s-7 14-18 14H56c-28 0-49-16-55-41a67 67 0 01-1-15V200z\"\/><path d=\"M314 302l15 15 52 51c7 7 7 14 2 20-6 6-13 5-20-2l-67-65a11 11 0 00-1-1 104 104 0 01-149-26c-29-43-20-99 20-133 39-33 99-31 137 4 38 34 45 93 11 137zm-159-64c-1 42 34 77 77 77 42 1 78-33 78-75 1-42-34-77-75-77-44-1-79 32-80 75z\"\/><\/g><\/svg>\n                        <span>Vista Previa<\/span>\n                    <\/a>\n    <\/div>\n<\/div>\n<\/div>\t\t<\/div>\n\t\t\t\t<\/div>\n\t\t\t\t\t<\/div>\n\t\t\t\t<\/div>\n\t\t\t\t<\/div>\n\t\t","protected":false},"excerpt":{"rendered":"<p>Inicio\/Transparencia\/Base Legal de la Instituci\u00f3n\/Constituci\u00f3n de la Rep\u00fablica Dominicana Constituci\u00f3n Pol\u00edtica de la Rep\u00fablica Dominicana, Votada y Proclamada por la [&hellip;]<\/p>\n","protected":false},"author":1,"featured_media":0,"parent":177,"menu_order":1,"comment_status":"closed","ping_status":"closed","template":"","meta":{"site-sidebar-layout":"default","site-content-layout":"","ast-site-content-layout":"full-width-container","site-content-style":"default","site-sidebar-style":"default","ast-global-header-display":"","ast-banner-title-visibility":"","ast-main-header-display":"","ast-hfb-above-header-display":"","ast-hfb-below-header-display":"","ast-hfb-mobile-header-display":"","site-post-title":"","ast-breadcrumbs-content":"","ast-featured-img":"","footer-sml-layout":"","theme-transparent-header-meta":"","adv-header-id-meta":"","stick-header-meta":"","header-above-stick-meta":"","header-main-stick-meta":"","header-below-stick-meta":"","astra-migrate-meta-layouts":"default","ast-page-background-enabled":"default","ast-page-background-meta":{"desktop":{"background-color":"var(--ast-global-color-4)","background-image":"","background-repeat":"repeat","background-position":"center center","background-size":"auto","background-attachment":"scroll","background-type":"","background-media":"","overlay-type":"","overlay-color":"","overlay-opacity":"","overlay-gradient":""},"tablet":{"background-color":"","background-image":"","background-repeat":"repeat","background-position":"center center","background-size":"auto","background-attachment":"scroll","background-type":"","background-media":"","overlay-type":"","overlay-color":"","overlay-opacity":"","overlay-gradient":""},"mobile":{"background-color":"","background-image":"","background-repeat":"repeat","background-position":"center center","background-size":"auto","background-attachment":"scroll","background-type":"","background-media":"","overlay-type":"","overlay-color":"","overlay-opacity":"","overlay-gradient":""}},"ast-content-background-meta":{"desktop":{"background-color":"var(--ast-global-color-5)","background-image":"","background-repeat":"repeat","background-position":"center center","background-size":"auto","background-attachment":"scroll","background-type":"","background-media":"","overlay-type":"","overlay-color":"","overlay-opacity":"","overlay-gradient":""},"tablet":{"background-color":"var(--ast-global-color-5)","background-image":"","background-repeat":"repeat","background-position":"center center","background-size":"auto","background-attachment":"scroll","background-type":"","background-media":"","overlay-type":"","overlay-color":"","overlay-opacity":"","overlay-gradient":""},"mobile":{"background-color":"var(--ast-global-color-5)","background-image":"","background-repeat":"repeat","background-position":"center center","background-size":"auto","background-attachment":"scroll","background-type":"","background-media":"","overlay-type":"","overlay-color":"","overlay-opacity":"","overlay-gradient":""}},"footnotes":""},"class_list":["post-172","page","type-page","status-publish","hentry"],"_links":{"self":[{"href":"https:\/\/mescyt.gob.do\/transparencia\/wp-json\/wp\/v2\/pages\/172","targetHints":{"allow":["GET"]}}],"collection":[{"href":"https:\/\/mescyt.gob.do\/transparencia\/wp-json\/wp\/v2\/pages"}],"about":[{"href":"https:\/\/mescyt.gob.do\/transparencia\/wp-json\/wp\/v2\/types\/page"}],"author":[{"embeddable":true,"href":"https:\/\/mescyt.gob.do\/transparencia\/wp-json\/wp\/v2\/users\/1"}],"replies":[{"embeddable":true,"href":"https:\/\/mescyt.gob.do\/transparencia\/wp-json\/wp\/v2\/comments?post=172"}],"version-history":[{"count":180,"href":"https:\/\/mescyt.gob.do\/transparencia\/wp-json\/wp\/v2\/pages\/172\/revisions"}],"predecessor-version":[{"id":14900,"href":"https:\/\/mescyt.gob.do\/transparencia\/wp-json\/wp\/v2\/pages\/172\/revisions\/14900"}],"up":[{"embeddable":true,"href":"https:\/\/mescyt.gob.do\/transparencia\/wp-json\/wp\/v2\/pages\/177"}],"wp:attachment":[{"href":"https:\/\/mescyt.gob.do\/transparencia\/wp-json\/wp\/v2\/media?parent=172"}],"curies":[{"name":"wp","href":"https:\/\/api.w.org\/{rel}","templated":true}]}}