{"id":218,"date":"2024-08-03T14:24:37","date_gmt":"2024-08-03T14:24:37","guid":{"rendered":"https:\/\/mescytportales-dnczd3cugqaka5bw.eastus2-01.azurewebsites.net\/?page_id=218"},"modified":"2025-03-26T08:30:55","modified_gmt":"2025-03-26T12:30:55","slug":"normativas","status":"publish","type":"page","link":"https:\/\/mescyt.gob.do\/transparencia\/marco-legal-del-sistema-de-transparencia\/normativas\/","title":{"rendered":"Normativas"},"content":{"rendered":"\t\t<div data-elementor-type=\"wp-page\" data-elementor-id=\"218\" class=\"elementor elementor-218\" data-elementor-post-type=\"page\">\n\t\t\t\t<div class=\"elementor-element elementor-element-233ccb7 e-flex e-con-boxed e-con e-parent\" data-id=\"233ccb7\" data-element_type=\"container\">\n\t\t\t\t\t<div class=\"e-con-inner\">\n\t\t\t\t<div class=\"elementor-element elementor-element-6e641f4 elementor-widget elementor-widget-text-editor\" data-id=\"6e641f4\" data-element_type=\"widget\" data-widget_type=\"text-editor.default\">\n\t\t\t\t<div class=\"elementor-widget-container\">\n\t\t\t<style>\/*! elementor - v3.23.0 - 25-07-2024 *\/\n.elementor-widget-text-editor.elementor-drop-cap-view-stacked .elementor-drop-cap{background-color:#69727d;color:#fff}.elementor-widget-text-editor.elementor-drop-cap-view-framed .elementor-drop-cap{color:#69727d;border:3px solid;background-color:transparent}.elementor-widget-text-editor:not(.elementor-drop-cap-view-default) .elementor-drop-cap{margin-top:8px}.elementor-widget-text-editor:not(.elementor-drop-cap-view-default) .elementor-drop-cap-letter{width:1em;height:1em}.elementor-widget-text-editor .elementor-drop-cap{float:left;text-align:center;line-height:1;font-size:50px}.elementor-widget-text-editor .elementor-drop-cap-letter{display:inline-block}<\/style>\t\t\t\t<p><span style=\"color: #005ebd;\"><span style=\"color: #003876;\"><a style=\"color: #003876;\" href=\"https:\/\/mescyt.gob.do\">Inicio<\/a>\/<a style=\"color: #003876;\" href=\"https:\/\/mescyt.gob.do\/transparencia\/\">Transparencia<\/a>\/Marco Legal del Sistema de Transparencia\/<\/span><span style=\"color: #ff0000;\"><a style=\"color: #ff0000;\" href=\"https:\/\/mescyt.gob.do\/transparencia\/marco-legal-del-sistema-de-transparencia\/normativas\">Normativas<\/a><\/span><\/span><\/p>\t\t\t\t\t\t<\/div>\n\t\t\t\t<\/div>\n\t\t\t\t\t<\/div>\n\t\t\t\t<\/div>\n\t\t<div class=\"elementor-element elementor-element-6c60e6c e-flex e-con-boxed e-con e-parent\" data-id=\"6c60e6c\" data-element_type=\"container\">\n\t\t\t\t\t<div class=\"e-con-inner\">\n\t\t\t\t<div class=\"elementor-element elementor-element-51aaa8b elementor-widget elementor-widget-wpfd_choose_category\" data-id=\"51aaa8b\" data-element_type=\"widget\" data-widget_type=\"wpfd_choose_category.default\">\n\t\t\t\t<div class=\"elementor-widget-container\">\n\t\t\t<div id=\"wpfd-elementor-category\" class=\"wpfd-elementor-category\"><script type=\"text\/x-handlebars-template\"        id=\"wpfd-template-table-categories-28\">    <div class=\"wpfd-categories \">{{#if category}}{{#with category}}<h2>{{name}}<\/h2>{{#if parent}}<a class=\"catlink backcategory\" href=\"#\" data-idcat=\"{{parent}}\">                        <i class=\"zmdi zmdi-chevron-left\"><\/i><span>Back<\/span><\/a>{{\/if}}{{\/with}}{{\/if}}{{#if category.desc}}<div class=\"wpfd-category-desc\">{{category.desc}}<\/div>{{\/if}}{{#if categories}}{{#each categories}}<a class=\"wpfdcategory catlink \" style=\"margin : 10px 10px 10px 10px;\" href=\"#\" data-idcat=\"{{termID}}\" title=\"{{name}}\">                                <span>{{name}}<\/span><i class=\"zmdi zmdi-folder wpfd-folder\"><\/i>                            <\/a>{{\/each}}{{\/if}}<div class=\"wpfdcategory_placeholder\" style=\"margin : 0 10px 0 10px;\"><\/div><div class=\"wpfdcategory_placeholder\" style=\"margin : 0 10px 0 10px;\"><\/div><div class=\"wpfdcategory_placeholder\" style=\"margin : 0 10px 0 10px;\"><\/div><\/div><\/script><script type=\"text\/x-handlebars-template\" id=\"wpfd-template-table-28\">    {{#if files}}    {{#each files}}    <tr class=\"file {{class}} {{ext}}\" data-id=\"{{ID}}\" data-catid=\"{{catid}}\">        <input type=\"hidden\" class=\"wpfd_file_preview_link_download\" value=\"{{linkdownload}}\" data-filetitle=\"{{post_title}}\" data-fileicons=\"ext ext-{{ext}} wpfd-icon-set-svg\" \/>    <td class=\"file_title\"><label class=\"wpfd_checkbox\"><input class=\"cbox_file_download\" type=\"checkbox\" data-id=\"{{ID}}\" \/><span><\/span><\/label><a class=\"wpfd_downloadlink\" href=\"{{linkdownload}}\"  title=\"{{post_title}}\" target=\"{{#if remote_file}}_blank{{\/if}}\"><span class=\"extcol\">{{#if file_custom_icon}}<span class=\"icon-custom\"><img decoding=\"async\" src=\"{{file_custom_icon}}\"><\/span>{{else}}<span class=\"ext ext-{{ext}} wpfd-icon-set-svg\"><\/span>{{\/if}}<\/span>{{{crop_title}}}<\/a><\/td><td class=\"file_size\">{{bytesToSize size}}<\/td><td class=\"file_created\">{{created}}<\/td>                    <td class=\"col-download\">                <a class=\"downloadlink wpfd_downloadlink\"  href=\"{{linkdownload}}\"  style=\"background-color:rgba(0, 55, 134, 1);color:#ffffff;\" target=\"{{#if remote_file}}_blank{{\/if}}\">Descargar<i class=\"zmdi zmdi-cloud-download wpfd-download\"><\/i><\/a>{{#if openpdflink}}<a class=\"openlink wpfd_previewlink\" href=\"{{openpdflink}}\"  target=\"_blank\">Vista Previa                            <i class=\"zmdi zmdi-filter-center-focus wpfd-preview\"><\/i>                        <\/a>{{else}}{{#if viewerlink}}<a                            href=\"{{viewerlink}}\"                                                        class=\"openlink wpfd_previewlink\"                            target=\"_blank\"                            data-id=\"{{ID}}\"                            data-catid=\"{{catid}}\"                            data-file-type=\"{{ext}}\">Vista Previa<i class=\"zmdi zmdi-filter-center-focus wpfd-preview\"><\/i>                        <\/a>{{\/if}}{{\/if}}            <\/td>            <\/tr>    {{\/each}}    {{\/if}}<\/script><div class=\"wpfd-content wpfd-content-table wpfd-content-multi colstyle\" data-category=\"28\"              style=\"background-color: rgba(255, 255, 255, 1);\"><input type=\"hidden\" id=\"current_category_28\" value=\"28\" \/>                    <input type=\"hidden\" id=\"current_category_slug_28\" value=\"normativas\" \/>                    <input type=\"hidden\" id=\"current_ordering_28\" value=\"modified_time\" \/>                    <input type=\"hidden\" id=\"current_ordering_direction_28\" value=\"asc\" \/>                    <input type=\"hidden\" id=\"page_limit_28\" value=\"10\" \/><input type=\"hidden\" id=\"wpfd_display_empty_category_message\" value=\"0\" \/><input type=\"hidden\" id=\"wpfd_empty_category_message_val\" value=\"This file category has no files to display\" \/><input type=\"hidden\" id=\"wpfd_display_empty_folder\" value=\"1\" \/><input type=\"hidden\" id=\"wpfd_is_empty_subcategories\" value=\"1\" \/><input type=\"hidden\" id=\"wpfd_is_empty_files\" value=\"1\" \/><input type=\"hidden\" id=\"wpfd_root_category_id\" class=\"wpfd_root_category_id\" value=\"28\" \/><input type=\"hidden\" id=\"wpfd_root_category_theme\" class=\"wpfd_root_category_theme\" value=\"table\" \/><input type=\"hidden\" id=\"wpfd_root_category_clone_theme_type\" class=\"wpfd_root_category_clone_theme_type\" value=\"none\" \/><input type=\"hidden\" id=\"wpfd_root_category_type\" class=\"wpfd_root_category_type\" value=\"28\" \/><div class=\"wpfd-container show_category_title show_subcategories folder-tree-top\">    <div class=\"wpfd-foldertree wpfd-foldertree-table foldertree-hide\"><\/div>    <div class=\"wpfd-open-tree\"><\/div>    <div class=\"wpfd-container-table  with_foldertree \">        <div class=\"wpfd-categories \"><h2 class=\"wpfd-category-theme-title\">Normativas<\/h2><div class=\"wpfd-category-desc\"><\/div><\/div>        <table class=\"wpfd-search-result wpfd-table wpfd-table-bordered wpfd-table-striped wpfd-table-0 mediaTable wpfd-theme-rows\">            <thead>                <tr>                    <th class=\"essential persist file_title\">T\u00edtulo<\/th><th class=\"optional file_size\">Tama\u00f1o<\/th><th class=\"optional file_created\">Fecha de Publicaci\u00f3n<\/th><th class=\"essential file_download file_download_tbl\">Descargar<\/th>                <\/tr>            <\/thead>            <tbody>                                            <tr class=\"file pdf\" data-id=\"1085\"                    data-catid=\"28\">                                        <input type=\"hidden\" class=\"wpfd_file_preview_link_download\" value=\"https:\/\/mescyt.gob.do\/transparencia\/download\/28\/normativas\/1085\/normativa-a3.pdf\"                           data-filetitle=\"NORMATIVA A3\" data-fileicons=\"ext ext-pdf wpfd-icon-set-svg\" \/>                    <td class=\"file_title\"><label class=\"wpfd_checkbox\"><input class=\"cbox_file_download\" type=\"checkbox\" data-id=\"1085\" data-catid=\"28\" \/><span><\/span><\/label><a class=\"wpfd_downloadlink\" href=\"https:\/\/mescyt.gob.do\/transparencia\/download\/28\/normativas\/1085\/normativa-a3.pdf\"  title=\"NORMATIVA A3\" target=\"\"><span class=\"extcol\"><span class=\"ext ext-pdf wpfd-icon-set-svg\"><\/span>NORMATIVA A3<\/span><\/a><\/td><td class=\"file_size\">10.27 MB<\/td><td class=\"file_created\">13-08-2024<\/td>                                            <td class=\"file_download_tbl col-download\">                            <a class=\"downloadlink wpfd_downloadlink\"  href=\"https:\/\/mescyt.gob.do\/transparencia\/download\/28\/normativas\/1085\/normativa-a3.pdf\"  style=\"background-color:rgba(0, 55, 134, 1);color:#ffffff;\" target=\"\">Descargar<i class=\"zmdi zmdi-cloud-download wpfd-download\"><\/i><\/a><a class=\"openlink wpfd_previewlink\" href=\"https:\/\/mescyt.gob.do\/transparencia\/wp-admin\/admin-ajax.php?juwpfisadmin=false&#038;action=wpfd&#038;task=file.download&#038;wpfd_category_id=28&#038;wpfd_file_id=1085&#038;token=&#038;preview=1\"  target=\"_blank\">Vista Previa                            <i class=\"zmdi zmdi-filter-center-focus wpfd-preview\"><\/i>                        <\/a>                        <\/td>                                    <\/tr>                                                            <tr class=\"file pdf\" data-id=\"1083\"                    data-catid=\"28\">                                        <input type=\"hidden\" class=\"wpfd_file_preview_link_download\" value=\"https:\/\/mescyt.gob.do\/transparencia\/download\/28\/normativas\/1083\/nortic-a5-2015.pdf\"                           data-filetitle=\"NORTIC A5 2015\" data-fileicons=\"ext ext-pdf wpfd-icon-set-svg\" \/>                    <td class=\"file_title\"><label class=\"wpfd_checkbox\"><input class=\"cbox_file_download\" type=\"checkbox\" data-id=\"1083\" data-catid=\"28\" \/><span><\/span><\/label><a class=\"wpfd_downloadlink\" href=\"https:\/\/mescyt.gob.do\/transparencia\/download\/28\/normativas\/1083\/nortic-a5-2015.pdf\"  title=\"NORTIC A5 2015\" target=\"\"><span class=\"extcol\"><span class=\"ext ext-pdf wpfd-icon-set-svg\"><\/span>NORTIC A5 2015<\/span><\/a><\/td><td class=\"file_size\">7.25 MB<\/td><td class=\"file_created\">13-08-2024<\/td>                                            <td class=\"file_download_tbl col-download\">                            <a class=\"downloadlink wpfd_downloadlink\"  href=\"https:\/\/mescyt.gob.do\/transparencia\/download\/28\/normativas\/1083\/nortic-a5-2015.pdf\"  style=\"background-color:rgba(0, 55, 134, 1);color:#ffffff;\" target=\"\">Descargar<i class=\"zmdi zmdi-cloud-download wpfd-download\"><\/i><\/a><a class=\"openlink wpfd_previewlink\" href=\"https:\/\/mescyt.gob.do\/transparencia\/wp-admin\/admin-ajax.php?juwpfisadmin=false&#038;action=wpfd&#038;task=file.download&#038;wpfd_category_id=28&#038;wpfd_file_id=1083&#038;token=&#038;preview=1\"  target=\"_blank\">Vista Previa                            <i class=\"zmdi zmdi-filter-center-focus wpfd-preview\"><\/i>                        <\/a>                        <\/td>                                    <\/tr>                                                            <tr class=\"file pdf\" data-id=\"1086\"                    data-catid=\"28\">                                        <input type=\"hidden\" class=\"wpfd_file_preview_link_download\" value=\"https:\/\/mescyt.gob.do\/transparencia\/download\/28\/normativas\/1086\/nortic-a2-2016-1.pdf\"                           data-filetitle=\"NORTIC A2 2016-1\" data-fileicons=\"ext ext-pdf wpfd-icon-set-svg\" \/>                    <td class=\"file_title\"><label class=\"wpfd_checkbox\"><input class=\"cbox_file_download\" type=\"checkbox\" data-id=\"1086\" data-catid=\"28\" \/><span><\/span><\/label><a class=\"wpfd_downloadlink\" href=\"https:\/\/mescyt.gob.do\/transparencia\/download\/28\/normativas\/1086\/nortic-a2-2016-1.pdf\"  title=\"NORTIC A2 2016-1\" target=\"\"><span class=\"extcol\"><span class=\"ext ext-pdf wpfd-icon-set-svg\"><\/span>NORTIC A2 2016-1<\/span><\/a><\/td><td class=\"file_size\">13.77 MB<\/td><td class=\"file_created\">13-08-2024<\/td>                                            <td class=\"file_download_tbl col-download\">                            <a class=\"downloadlink wpfd_downloadlink\"  href=\"https:\/\/mescyt.gob.do\/transparencia\/download\/28\/normativas\/1086\/nortic-a2-2016-1.pdf\"  style=\"background-color:rgba(0, 55, 134, 1);color:#ffffff;\" target=\"\">Descargar<i class=\"zmdi zmdi-cloud-download wpfd-download\"><\/i><\/a><a class=\"openlink wpfd_previewlink\" href=\"https:\/\/mescyt.gob.do\/transparencia\/wp-admin\/admin-ajax.php?juwpfisadmin=false&#038;action=wpfd&#038;task=file.download&#038;wpfd_category_id=28&#038;wpfd_file_id=1086&#038;token=&#038;preview=1\"  target=\"_blank\">Vista Previa                            <i class=\"zmdi zmdi-filter-center-focus wpfd-preview\"><\/i>                        <\/a>                        <\/td>                                    <\/tr>                                                            <tr class=\"file pdf\" data-id=\"1084\"                    data-catid=\"28\">                                        <input type=\"hidden\" class=\"wpfd_file_preview_link_download\" value=\"https:\/\/mescyt.gob.do\/transparencia\/download\/28\/normativas\/1084\/nortic-a4.pdf\"                           data-filetitle=\"NORTIC A4\" data-fileicons=\"ext ext-pdf wpfd-icon-set-svg\" \/>                    <td class=\"file_title\"><label class=\"wpfd_checkbox\"><input class=\"cbox_file_download\" type=\"checkbox\" data-id=\"1084\" data-catid=\"28\" \/><span><\/span><\/label><a class=\"wpfd_downloadlink\" href=\"https:\/\/mescyt.gob.do\/transparencia\/download\/28\/normativas\/1084\/nortic-a4.pdf\"  title=\"NORTIC A4\" target=\"\"><span class=\"extcol\"><span class=\"ext ext-pdf wpfd-icon-set-svg\"><\/span>NORTIC A4<\/span><\/a><\/td><td class=\"file_size\">974.28 KB<\/td><td class=\"file_created\">13-08-2024<\/td>                                            <td class=\"file_download_tbl col-download\">                            <a class=\"downloadlink wpfd_downloadlink\"  href=\"https:\/\/mescyt.gob.do\/transparencia\/download\/28\/normativas\/1084\/nortic-a4.pdf\"  style=\"background-color:rgba(0, 55, 134, 1);color:#ffffff;\" target=\"\">Descargar<i class=\"zmdi zmdi-cloud-download wpfd-download\"><\/i><\/a><a class=\"openlink wpfd_previewlink\" href=\"https:\/\/mescyt.gob.do\/transparencia\/wp-admin\/admin-ajax.php?juwpfisadmin=false&#038;action=wpfd&#038;task=file.download&#038;wpfd_category_id=28&#038;wpfd_file_id=1084&#038;token=&#038;preview=1\"  target=\"_blank\">Vista Previa                            <i class=\"zmdi zmdi-filter-center-focus wpfd-preview\"><\/i>                        <\/a>                        <\/td>                                    <\/tr>                                                            <tr class=\"file pdf\" data-id=\"1082\"                    data-catid=\"28\">                                        <input type=\"hidden\" class=\"wpfd_file_preview_link_download\" value=\"https:\/\/mescyt.gob.do\/transparencia\/download\/28\/normativas\/1082\/certificacion-nortic-a3.pdf\"                           data-filetitle=\"CERTIFICACI\u00d3N NORTIC-A3\" data-fileicons=\"ext ext-pdf wpfd-icon-set-svg\" \/>                    <td class=\"file_title\"><label class=\"wpfd_checkbox\"><input class=\"cbox_file_download\" type=\"checkbox\" data-id=\"1082\" data-catid=\"28\" \/><span><\/span><\/label><a class=\"wpfd_downloadlink\" href=\"https:\/\/mescyt.gob.do\/transparencia\/download\/28\/normativas\/1082\/certificacion-nortic-a3.pdf\"  title=\"CERTIFICACI\u00d3N NORTIC-A3\" target=\"\"><span class=\"extcol\"><span class=\"ext ext-pdf wpfd-icon-set-svg\"><\/span>CERTIFICACI\u00d3N NORTIC-A3<\/span><\/a><\/td><td class=\"file_size\">190.21 KB<\/td><td class=\"file_created\">13-08-2024<\/td>                                            <td class=\"file_download_tbl col-download\">                            <a class=\"downloadlink wpfd_downloadlink\"  href=\"https:\/\/mescyt.gob.do\/transparencia\/download\/28\/normativas\/1082\/certificacion-nortic-a3.pdf\"  style=\"background-color:rgba(0, 55, 134, 1);color:#ffffff;\" target=\"\">Descargar<i class=\"zmdi zmdi-cloud-download wpfd-download\"><\/i><\/a><a class=\"openlink wpfd_previewlink\" href=\"https:\/\/mescyt.gob.do\/transparencia\/wp-admin\/admin-ajax.php?juwpfisadmin=false&#038;action=wpfd&#038;task=file.download&#038;wpfd_category_id=28&#038;wpfd_file_id=1082&#038;token=&#038;preview=1\"  target=\"_blank\">Vista Previa                            <i class=\"zmdi zmdi-filter-center-focus wpfd-preview\"><\/i>                        <\/a>                        <\/td>                                    <\/tr>                                                            <tr class=\"file pdf\" data-id=\"15961\"                    data-catid=\"28\">                                        <input type=\"hidden\" class=\"wpfd_file_preview_link_download\" value=\"https:\/\/mescyt.gob.do\/transparencia\/download\/28\/normativas\/15961\/circular-conjunta-dgcp-digeig-de-fecha-31-de-marzo-de-2025.pdf\"                           data-filetitle=\"Circular-Conjunta-DGCP-DIGEIG-de-fecha-31-de-marzo-de-2025\" data-fileicons=\"ext ext-pdf wpfd-icon-set-svg\" \/>                    <td class=\"file_title\"><label class=\"wpfd_checkbox\"><input class=\"cbox_file_download\" type=\"checkbox\" data-id=\"15961\" data-catid=\"28\" \/><span><\/span><\/label><a class=\"wpfd_downloadlink\" href=\"https:\/\/mescyt.gob.do\/transparencia\/download\/28\/normativas\/15961\/circular-conjunta-dgcp-digeig-de-fecha-31-de-marzo-de-2025.pdf\"  title=\"Circular-Conjunta-DGCP-DIGEIG-de-fecha-31-de-marzo-de-2025\" target=\"\"><span class=\"extcol\"><span class=\"ext ext-pdf wpfd-icon-set-svg\"><\/span>Circular-Conjunta-DGCP-DIGEIG-de-fecha-31-de-marzo-de-2025<\/span><\/a><\/td><td class=\"file_size\">204.05 KB<\/td><td class=\"file_created\">16-07-2025<\/td>                                            <td class=\"file_download_tbl col-download\">                            <a class=\"downloadlink wpfd_downloadlink\"  href=\"https:\/\/mescyt.gob.do\/transparencia\/download\/28\/normativas\/15961\/circular-conjunta-dgcp-digeig-de-fecha-31-de-marzo-de-2025.pdf\"  style=\"background-color:rgba(0, 55, 134, 1);color:#ffffff;\" target=\"\">Descargar<i class=\"zmdi zmdi-cloud-download wpfd-download\"><\/i><\/a><a class=\"openlink wpfd_previewlink\" href=\"https:\/\/mescyt.gob.do\/transparencia\/wp-admin\/admin-ajax.php?juwpfisadmin=false&#038;action=wpfd&#038;task=file.download&#038;wpfd_category_id=28&#038;wpfd_file_id=15961&#038;token=&#038;preview=1\"  target=\"_blank\">Vista Previa                            <i class=\"zmdi zmdi-filter-center-focus wpfd-preview\"><\/i>                        <\/a>                        <\/td>                                    <\/tr>                                        <\/tbody>        <\/table>            <\/div><\/div><\/div><\/div>\t\t<\/div>\n\t\t\t\t<\/div>\n\t\t\t\t\t<\/div>\n\t\t\t\t<\/div>\n\t\t\t\t<\/div>\n\t\t","protected":false},"excerpt":{"rendered":"<p>Inicio\/Transparencia\/Marco Legal del Sistema de Transparencia\/Normativas Normativas T\u00edtulo Tama\u00f1o Fecha de Publicaci\u00f3n Descargar NORMATIVA A3 10.27 MB 13-08-2024 DescargarVista Previa [&hellip;]<\/p>\n","protected":false},"author":1,"featured_media":0,"parent":207,"menu_order":3,"comment_status":"closed","ping_status":"closed","template":"","meta":{"site-sidebar-layout":"no-sidebar","site-content-layout":"","ast-site-content-layout":"full-width-container","site-content-style":"default","site-sidebar-style":"default","ast-global-header-display":"","ast-banner-title-visibility":"","ast-main-header-display":"","ast-hfb-above-header-display":"","ast-hfb-below-header-display":"","ast-hfb-mobile-header-display":"","site-post-title":"disabled","ast-breadcrumbs-content":"","ast-featured-img":"disabled","footer-sml-layout":"","theme-transparent-header-meta":"","adv-header-id-meta":"","stick-header-meta":"","header-above-stick-meta":"","header-main-stick-meta":"","header-below-stick-meta":"","astra-migrate-meta-layouts":"default","ast-page-background-enabled":"default","ast-page-background-meta":{"desktop":{"background-color":"var(--ast-global-color-4)","background-image":"","background-repeat":"repeat","background-position":"center center","background-size":"auto","background-attachment":"scroll","background-type":"","background-media":"","overlay-type":"","overlay-color":"","overlay-opacity":"","overlay-gradient":""},"tablet":{"background-color":"","background-image":"","background-repeat":"repeat","background-position":"center center","background-size":"auto","background-attachment":"scroll","background-type":"","background-media":"","overlay-type":"","overlay-color":"","overlay-opacity":"","overlay-gradient":""},"mobile":{"background-color":"","background-image":"","background-repeat":"repeat","background-position":"center center","background-size":"auto","background-attachment":"scroll","background-type":"","background-media":"","overlay-type":"","overlay-color":"","overlay-opacity":"","overlay-gradient":""}},"ast-content-background-meta":{"desktop":{"background-color":"var(--ast-global-color-5)","background-image":"","background-repeat":"repeat","background-position":"center center","background-size":"auto","background-attachment":"scroll","background-type":"","background-media":"","overlay-type":"","overlay-color":"","overlay-opacity":"","overlay-gradient":""},"tablet":{"background-color":"var(--ast-global-color-5)","background-image":"","background-repeat":"repeat","background-position":"center center","background-size":"auto","background-attachment":"scroll","background-type":"","background-media":"","overlay-type":"","overlay-color":"","overlay-opacity":"","overlay-gradient":""},"mobile":{"background-color":"var(--ast-global-color-5)","background-image":"","background-repeat":"repeat","background-position":"center center","background-size":"auto","background-attachment":"scroll","background-type":"","background-media":"","overlay-type":"","overlay-color":"","overlay-opacity":"","overlay-gradient":""}},"footnotes":""},"class_list":["post-218","page","type-page","status-publish","hentry"],"_links":{"self":[{"href":"https:\/\/mescyt.gob.do\/transparencia\/wp-json\/wp\/v2\/pages\/218","targetHints":{"allow":["GET"]}}],"collection":[{"href":"https:\/\/mescyt.gob.do\/transparencia\/wp-json\/wp\/v2\/pages"}],"about":[{"href":"https:\/\/mescyt.gob.do\/transparencia\/wp-json\/wp\/v2\/types\/page"}],"author":[{"embeddable":true,"href":"https:\/\/mescyt.gob.do\/transparencia\/wp-json\/wp\/v2\/users\/1"}],"replies":[{"embeddable":true,"href":"https:\/\/mescyt.gob.do\/transparencia\/wp-json\/wp\/v2\/comments?post=218"}],"version-history":[{"count":22,"href":"https:\/\/mescyt.gob.do\/transparencia\/wp-json\/wp\/v2\/pages\/218\/revisions"}],"predecessor-version":[{"id":14928,"href":"https:\/\/mescyt.gob.do\/transparencia\/wp-json\/wp\/v2\/pages\/218\/revisions\/14928"}],"up":[{"embeddable":true,"href":"https:\/\/mescyt.gob.do\/transparencia\/wp-json\/wp\/v2\/pages\/207"}],"wp:attachment":[{"href":"https:\/\/mescyt.gob.do\/transparencia\/wp-json\/wp\/v2\/media?parent=218"}],"curies":[{"name":"wp","href":"https:\/\/api.w.org\/{rel}","templated":true}]}}