{"id":251,"date":"2024-08-03T15:51:12","date_gmt":"2024-08-03T15:51:12","guid":{"rendered":"https:\/\/mescytportales-dnczd3cugqaka5bw.eastus2-01.azurewebsites.net\/?page_id=251"},"modified":"2025-03-26T09:03:36","modified_gmt":"2025-03-26T13:03:36","slug":"derechos-a-los-ciudadanos","status":"publish","type":"page","link":"https:\/\/mescyt.gob.do\/transparencia\/oficina-de-libre-acceso-a-la-informacion-oai\/derechos-a-los-ciudadanos\/","title":{"rendered":"Derechos a los Ciudadanos"},"content":{"rendered":"\t\t<div data-elementor-type=\"wp-page\" data-elementor-id=\"251\" class=\"elementor elementor-251\" data-elementor-post-type=\"page\">\n\t\t\t\t<div class=\"elementor-element elementor-element-e368446 e-flex e-con-boxed e-con e-parent\" data-id=\"e368446\" data-element_type=\"container\">\n\t\t\t\t\t<div class=\"e-con-inner\">\n\t\t\t\t<div class=\"elementor-element elementor-element-1a7b942 elementor-widget elementor-widget-text-editor\" data-id=\"1a7b942\" data-element_type=\"widget\" data-widget_type=\"text-editor.default\">\n\t\t\t\t<div class=\"elementor-widget-container\">\n\t\t\t<style>\/*! elementor - v3.23.0 - 25-07-2024 *\/\n.elementor-widget-text-editor.elementor-drop-cap-view-stacked .elementor-drop-cap{background-color:#69727d;color:#fff}.elementor-widget-text-editor.elementor-drop-cap-view-framed .elementor-drop-cap{color:#69727d;border:3px solid;background-color:transparent}.elementor-widget-text-editor:not(.elementor-drop-cap-view-default) .elementor-drop-cap{margin-top:8px}.elementor-widget-text-editor:not(.elementor-drop-cap-view-default) .elementor-drop-cap-letter{width:1em;height:1em}.elementor-widget-text-editor .elementor-drop-cap{float:left;text-align:center;line-height:1;font-size:50px}.elementor-widget-text-editor .elementor-drop-cap-letter{display:inline-block}<\/style>\t\t\t\t<p><span style=\"color: #005ebd;\"><span style=\"color: #003876;\"><a style=\"color: #003876;\" href=\"https:\/\/mescyt.gob.do\">Inicio<\/a>\/<a style=\"color: #003876;\" href=\"https:\/\/mescyt.gob.do\/transparencia\/\">Transparencia<\/a>\/Oficina de Libre Acceso a la Informaci\u00f3n\/<\/span><span style=\"color: #ff0000;\"><a style=\"color: #ff0000;\" href=\"https:\/\/mescyt.gob.do\/transparencia\/oficina-de-libre-acceso-a-la-informacion\/derechos-a-los-ciudadanos\">Derechos a los Ciudadanos<\/a><\/span><\/span><\/p>\t\t\t\t\t\t<\/div>\n\t\t\t\t<\/div>\n\t\t\t\t\t<\/div>\n\t\t\t\t<\/div>\n\t\t<div class=\"elementor-element elementor-element-7becbe1 e-flex e-con-boxed e-con e-parent\" data-id=\"7becbe1\" data-element_type=\"container\">\n\t\t\t\t\t<div class=\"e-con-inner\">\n\t\t\t\t<div class=\"elementor-element elementor-element-830c9d3 elementor-widget elementor-widget-text-editor\" data-id=\"830c9d3\" data-element_type=\"widget\" data-widget_type=\"text-editor.default\">\n\t\t\t\t<div class=\"elementor-widget-container\">\n\t\t\t\t\t\t\t<p><b>Todo ciudadano(a) tiene derecho a:<\/b><\/p><ul><li><b>SOLICITAR\u00a0<\/b>informaci\u00f3n de cualquier \u00f3rgano del Estado Dominicano y de todas las sociedades an\u00f3nimas, compa\u00f1\u00edas an\u00f3nimas o compa\u00f1\u00edas por acciones con participaci\u00f3n estatal.<\/li><\/ul><ul><li><b>RECIBIR\u00a0<\/b>informaci\u00f3n completa, veraz, adecuada y oportuna de cualquier \u00f3rgano del Estado Dominicano y de todas las sociedades an\u00f3nimas, compa\u00f1\u00edas an\u00f3nimas o compa\u00f1\u00edas por acciones con participaci\u00f3n estatal.<\/li><\/ul><ul><li><b>ACCESO\u00a0<\/b>gratuito a la informaci\u00f3n en tanto que no requiera reproducci\u00f3n de la misma.<\/li><\/ul><ul><li><b>SOLICITAR, RECIBIR y DIFUNDIR<\/b>\u00a0informaciones pertenecientes a la administraci\u00f3n del Estado.<\/li><\/ul><ul><li><b>CONOCER\u00a0<\/b>los proyectos de reglamentos y otras disposiciones de car\u00e1cter general que rigen las relaciones entre los particulares y la administraci\u00f3n.<\/li><\/ul><ul><li><b>OBTENER\u00a0<\/b>informaci\u00f3n sobre los servicios que ofrece el Estado, requisitos costos.<\/li><\/ul><ul><li><b>SABER\u00a0<\/b>la estructura, integrantes, normativas de funcionamiento, proyectos, informes de gesti\u00f3n, y bases de datos de la administraci\u00f3n p\u00fablica.<\/li><\/ul><ul><li><b>CONOCER\u00a0<\/b>sobre los presupuestos y c\u00e1lculos de recursos y gastos aprobados, su evoluci\u00f3n y estado de ejecuci\u00f3n.<\/li><\/ul><ul><li><b>TENER\u00a0<\/b>informaci\u00f3n sobre los programas y proyectos, sus presupuestos, plazos, ejecuci\u00f3n y supervisi\u00f3n.<\/li><\/ul><ul><li><b>ESTAR AL TANTO<\/b>\u00a0sobre las licitaciones, concursos, compras, gastos y resultados.<\/li><\/ul><ul><li><b>ACCEDER\u00a0<\/b>a la n\u00f3mina del Estado y sus remuneraciones.<\/li><\/ul><ul><li><b>CONOCER\u00a0<\/b>la declaraci\u00f3n jurada patrimonial de los funcionarios del Estado cuando su presentaci\u00f3n corresponda por ley.<\/li><\/ul><ul><li><b>RECIBIR\u00a0<\/b>informaci\u00f3n sobre el listado de beneficiarios de programas asistenciales, subsidios, becas, jubilaciones, pensiones y retiros.<\/li><\/ul><ul><li><b>SABER\u00a0<\/b>sobre el estado de cuentas de la deuda p\u00fablica, sus vencimientos y pagos.<\/li><\/ul><ul><li><b>BUSCAR\u00a0<\/b>las leyes, decretos, resoluciones, disposiciones, marcos regulatorios y cualquier tipo de normativa.<\/li><\/ul><ul><li><b>SOLICITAR Y RECIBIR<\/b>\u00a0oportunamente cualquier tipo de documentaci\u00f3n financiera relativa al presupuesto p\u00fablico.<\/li><\/ul><p>En cumplimiento a la Ley 200-04 y el Decreto 130-05, el acceso a la informaci\u00f3n se har\u00e1 efectivo siempre y cuando no afecte la seguridad nacional, el orden p\u00fablico, la salud o la moral p\u00fablica o el derecho a la privacidad e intimidad de un tercero o el derecho a la reputaci\u00f3n de los dem\u00e1s.<\/p>\t\t\t\t\t\t<\/div>\n\t\t\t\t<\/div>\n\t\t\t\t\t<\/div>\n\t\t\t\t<\/div>\n\t\t\t\t<\/div>\n\t\t","protected":false},"excerpt":{"rendered":"<p>Inicio\/Transparencia\/Oficina de Libre Acceso a la Informaci\u00f3n\/Derechos a los Ciudadanos Todo ciudadano(a) tiene derecho a: SOLICITAR\u00a0informaci\u00f3n de cualquier \u00f3rgano del [&hellip;]<\/p>\n","protected":false},"author":1,"featured_media":0,"parent":249,"menu_order":0,"comment_status":"closed","ping_status":"closed","template":"","meta":{"site-sidebar-layout":"no-sidebar","site-content-layout":"","ast-site-content-layout":"full-width-container","site-content-style":"default","site-sidebar-style":"default","ast-global-header-display":"","ast-banner-title-visibility":"","ast-main-header-display":"","ast-hfb-above-header-display":"","ast-hfb-below-header-display":"","ast-hfb-mobile-header-display":"","site-post-title":"disabled","ast-breadcrumbs-content":"","ast-featured-img":"disabled","footer-sml-layout":"","theme-transparent-header-meta":"","adv-header-id-meta":"","stick-header-meta":"","header-above-stick-meta":"","header-main-stick-meta":"","header-below-stick-meta":"","astra-migrate-meta-layouts":"default","ast-page-background-enabled":"default","ast-page-background-meta":{"desktop":{"background-color":"var(--ast-global-color-4)","background-image":"","background-repeat":"repeat","background-position":"center center","background-size":"auto","background-attachment":"scroll","background-type":"","background-media":"","overlay-type":"","overlay-color":"","overlay-opacity":"","overlay-gradient":""},"tablet":{"background-color":"","background-image":"","background-repeat":"repeat","background-position":"center center","background-size":"auto","background-attachment":"scroll","background-type":"","background-media":"","overlay-type":"","overlay-color":"","overlay-opacity":"","overlay-gradient":""},"mobile":{"background-color":"","background-image":"","background-repeat":"repeat","background-position":"center center","background-size":"auto","background-attachment":"scroll","background-type":"","background-media":"","overlay-type":"","overlay-color":"","overlay-opacity":"","overlay-gradient":""}},"ast-content-background-meta":{"desktop":{"background-color":"var(--ast-global-color-5)","background-image":"","background-repeat":"repeat","background-position":"center center","background-size":"auto","background-attachment":"scroll","background-type":"","background-media":"","overlay-type":"","overlay-color":"","overlay-opacity":"","overlay-gradient":""},"tablet":{"background-color":"var(--ast-global-color-5)","background-image":"","background-repeat":"repeat","background-position":"center center","background-size":"auto","background-attachment":"scroll","background-type":"","background-media":"","overlay-type":"","overlay-color":"","overlay-opacity":"","overlay-gradient":""},"mobile":{"background-color":"var(--ast-global-color-5)","background-image":"","background-repeat":"repeat","background-position":"center center","background-size":"auto","background-attachment":"scroll","background-type":"","background-media":"","overlay-type":"","overlay-color":"","overlay-opacity":"","overlay-gradient":""}},"footnotes":""},"class_list":["post-251","page","type-page","status-publish","hentry"],"_links":{"self":[{"href":"https:\/\/mescyt.gob.do\/transparencia\/wp-json\/wp\/v2\/pages\/251","targetHints":{"allow":["GET"]}}],"collection":[{"href":"https:\/\/mescyt.gob.do\/transparencia\/wp-json\/wp\/v2\/pages"}],"about":[{"href":"https:\/\/mescyt.gob.do\/transparencia\/wp-json\/wp\/v2\/types\/page"}],"author":[{"embeddable":true,"href":"https:\/\/mescyt.gob.do\/transparencia\/wp-json\/wp\/v2\/users\/1"}],"replies":[{"embeddable":true,"href":"https:\/\/mescyt.gob.do\/transparencia\/wp-json\/wp\/v2\/comments?post=251"}],"version-history":[{"count":25,"href":"https:\/\/mescyt.gob.do\/transparencia\/wp-json\/wp\/v2\/pages\/251\/revisions"}],"predecessor-version":[{"id":14944,"href":"https:\/\/mescyt.gob.do\/transparencia\/wp-json\/wp\/v2\/pages\/251\/revisions\/14944"}],"up":[{"embeddable":true,"href":"https:\/\/mescyt.gob.do\/transparencia\/wp-json\/wp\/v2\/pages\/249"}],"wp:attachment":[{"href":"https:\/\/mescyt.gob.do\/transparencia\/wp-json\/wp\/v2\/media?parent=251"}],"curies":[{"name":"wp","href":"https:\/\/api.w.org\/{rel}","templated":true}]}}