{"id":265,"date":"2024-08-03T16:10:27","date_gmt":"2024-08-03T16:10:27","guid":{"rendered":"https:\/\/mescytportales-dnczd3cugqaka5bw.eastus2-01.azurewebsites.net\/?page_id=265"},"modified":"2025-05-27T13:43:04","modified_gmt":"2025-05-27T17:43:04","slug":"contacto-responsable-de-la-oai","status":"publish","type":"page","link":"https:\/\/mescyt.gob.do\/transparencia\/oficina-de-libre-acceso-a-la-informacion-oai\/contacto-responsable-de-la-oai\/","title":{"rendered":"Contacto Responsable de la OAI"},"content":{"rendered":"\t\t<div data-elementor-type=\"wp-page\" data-elementor-id=\"265\" class=\"elementor elementor-265\" data-elementor-post-type=\"page\">\n\t\t\t\t<div class=\"elementor-element elementor-element-8389a39 e-flex e-con-boxed e-con e-parent\" data-id=\"8389a39\" data-element_type=\"container\">\n\t\t\t\t\t<div class=\"e-con-inner\">\n\t\t\t\t<div class=\"elementor-element elementor-element-95625e5 elementor-widget elementor-widget-text-editor\" data-id=\"95625e5\" data-element_type=\"widget\" data-widget_type=\"text-editor.default\">\n\t\t\t\t<div class=\"elementor-widget-container\">\n\t\t\t<style>\/*! elementor - v3.23.0 - 25-07-2024 *\/\n.elementor-widget-text-editor.elementor-drop-cap-view-stacked .elementor-drop-cap{background-color:#69727d;color:#fff}.elementor-widget-text-editor.elementor-drop-cap-view-framed .elementor-drop-cap{color:#69727d;border:3px solid;background-color:transparent}.elementor-widget-text-editor:not(.elementor-drop-cap-view-default) .elementor-drop-cap{margin-top:8px}.elementor-widget-text-editor:not(.elementor-drop-cap-view-default) .elementor-drop-cap-letter{width:1em;height:1em}.elementor-widget-text-editor .elementor-drop-cap{float:left;text-align:center;line-height:1;font-size:50px}.elementor-widget-text-editor .elementor-drop-cap-letter{display:inline-block}<\/style>\t\t\t\t<p><span style=\"color: #005ebd;\"><span style=\"color: #003876;\"><a style=\"color: #003876;\" href=\"https:\/\/mescyt.gob.do\">Inicio<\/a>\/<a style=\"color: #003876;\" href=\"https:\/\/mescyt.gob.do\/transparencia\/\">Transparencia<\/a>\/<\/span><span style=\"color: #ff0000;\"><a style=\"color: #ff0000;\" href=\"https:\/\/mescyt.gob.do\/transparencia\/contacto-responsable-de-la-oai\">Contacto Responsable OAI<\/a><\/span><\/span><\/p>\t\t\t\t\t\t<\/div>\n\t\t\t\t<\/div>\n\t\t\t\t\t<\/div>\n\t\t\t\t<\/div>\n\t\t<div class=\"elementor-element elementor-element-5f7b58b e-flex e-con-boxed e-con e-parent\" data-id=\"5f7b58b\" data-element_type=\"container\">\n\t\t\t\t\t<div class=\"e-con-inner\">\n\t\t\t\t<div class=\"elementor-element elementor-element-dcd7da6 elementor-widget elementor-widget-text-editor\" data-id=\"dcd7da6\" data-element_type=\"widget\" data-widget_type=\"text-editor.default\">\n\t\t\t\t<div class=\"elementor-widget-container\">\n\t\t\t\t\t\t\t<h4><strong>Contacto responsable de acceso a la informaci\u00f3n<\/strong><\/h4><h5>RAI Oscar Valdez Guillen<\/h5><h5>Tel\u00e9fono: 809.731.1100 Ext. 4183<br \/>Correo electr\u00f3nico: ovaldez@mescyt.gob.do \/ oai@mescyt.gob.do<br \/>Direcci\u00f3n: Ave. M\u00e1ximo Gomez No. 31, Edif. MESCYT, Servicio al Usuario<br \/>Santo Domingo, Rep\u00fablica Dominicana<\/h5><h4>\u00a0<\/h4><h4><strong>Oficina de Libre Acceso a la Informaci\u00f3n P\u00fablica<\/strong><\/h4><h5>L<strong>a Oficina de Libre de Acceso a la Informaci\u00f3n P\u00fablica (OAI) es un \u00f3rgano de apoyo<\/strong><br \/><strong>a las entidades p\u00fablicas y privadas que reciben contribuciones del Estado, en los<\/strong><br \/><strong>servicios de informaci\u00f3n, instituidos mediante la Ley 200-04, de Libre Acceso a la<\/strong><br \/><strong>Informaci\u00f3n P\u00fablica y su Reglamento de Aplicaci\u00f3n. La misma es responsable de<\/strong><br \/><strong>que toda persona (moral o f\u00edsica) reciba informaci\u00f3n completa, veraz, adecuada<\/strong><br \/><strong>y oportuna sobre los actos y operaciones de los \u00f3rganos del Estado que ejercen<\/strong><br \/><strong>funciones administrativas.<\/strong><\/h5><h5><strong>Definici\u00f3n de OAI<\/strong><\/h5><h5>La Oficina de Acceso a la Informaci\u00f3n (OAI), es un mandato de la Ley General de<br \/>Libre Acceso a la Informaci\u00f3n P\u00fablica Ley 200-04 y el Decreto No. 130-05 que crea<br \/>el reglamento de dicha ley, con el objetivo de apoyar a entidades y personas tanto<br \/>p\u00fablicas como privadas mediante las informaciones solicitadas.<\/h5><h5><strong>Objetivos de la OAI:<\/strong><\/h5><h5><strong>Objetivo General<\/strong>:<br \/>Garantizar al ciudadano, el derecho de tener libre acceso a la informaci\u00f3n p\u00fablica,<br \/>de forma veraz, completa y oportuna, ofreciendo informaci\u00f3n actualizada de<br \/>todos los expedientes y actos administrativos.<\/h5><h5><strong>Objetivos Espec\u00edficos:<\/strong><br \/>Facilitar al ciudadano el libre acceso a la informaci\u00f3n p\u00fablica, colocando en las<br \/>diferentes v\u00edas de acceso, informaci\u00f3n concisa y de r\u00e1pida lectura.<\/h5><h5><strong>Definici\u00f3n RAI<\/strong><br \/>El\/la representante de Acceso a la Informaci\u00f3n, es el\/la responsable de tramitar y<br \/>facilitar las informaciones requeridas y de ser el canal de comunicaci\u00f3n entre la<br \/>instituci\u00f3n, ciudadanos y ciudadanas.<\/h5><h5><strong>Proceso de Solicitud de Informaci\u00f3n:<\/strong><\/h5><h5>a) Nombre completo y copia de cedula de identidad y electoral;<br \/>b) Identificaci\u00f3n clara y precisa de los datos e informaciones que requiere;<br \/>c) Motivaci\u00f3n de las razones por las cuales se requieren los datos e informaciones<br \/>solicitadas;<br \/>d) Lugar o medio para recibir notificaciones.<br \/>Tiempo de entrega:<br \/>De acuerdo al Cap\u00edtulo III, Articulo 8, toda solicitud de informaci\u00f3n requerida<br \/>debe ser satisfecha en un plazo no mayor de quince (15) d\u00edas h\u00e1biles. El plazo se<br \/>podr\u00e1 prorrogar en forma excepcional por otros diez (10) d\u00edas h\u00e1biles en los casos<br \/>que medien circunstancias que hagan dif\u00edcil reunir las informaciones solicitadas.<\/h5>\t\t\t\t\t\t<\/div>\n\t\t\t\t<\/div>\n\t\t\t\t\t<\/div>\n\t\t\t\t<\/div>\n\t\t\t\t<\/div>\n\t\t","protected":false},"excerpt":{"rendered":"<p>Inicio\/Transparencia\/Contacto Responsable OAI Contacto responsable de acceso a la informaci\u00f3n RAI Oscar Valdez Guillen Tel\u00e9fono: 809.731.1100 Ext. 4183Correo electr\u00f3nico: ovaldez@mescyt.gob.do [&hellip;]<\/p>\n","protected":false},"author":1,"featured_media":0,"parent":249,"menu_order":0,"comment_status":"closed","ping_status":"closed","template":"","meta":{"site-sidebar-layout":"no-sidebar","site-content-layout":"","ast-site-content-layout":"full-width-container","site-content-style":"default","site-sidebar-style":"default","ast-global-header-display":"","ast-banner-title-visibility":"","ast-main-header-display":"","ast-hfb-above-header-display":"","ast-hfb-below-header-display":"","ast-hfb-mobile-header-display":"","site-post-title":"disabled","ast-breadcrumbs-content":"","ast-featured-img":"disabled","footer-sml-layout":"","theme-transparent-header-meta":"","adv-header-id-meta":"","stick-header-meta":"","header-above-stick-meta":"","header-main-stick-meta":"","header-below-stick-meta":"","astra-migrate-meta-layouts":"default","ast-page-background-enabled":"default","ast-page-background-meta":{"desktop":{"background-color":"var(--ast-global-color-4)","background-image":"","background-repeat":"repeat","background-position":"center center","background-size":"auto","background-attachment":"scroll","background-type":"","background-media":"","overlay-type":"","overlay-color":"","overlay-opacity":"","overlay-gradient":""},"tablet":{"background-color":"","background-image":"","background-repeat":"repeat","background-position":"center center","background-size":"auto","background-attachment":"scroll","background-type":"","background-media":"","overlay-type":"","overlay-color":"","overlay-opacity":"","overlay-gradient":""},"mobile":{"background-color":"","background-image":"","background-repeat":"repeat","background-position":"center center","background-size":"auto","background-attachment":"scroll","background-type":"","background-media":"","overlay-type":"","overlay-color":"","overlay-opacity":"","overlay-gradient":""}},"ast-content-background-meta":{"desktop":{"background-color":"var(--ast-global-color-5)","background-image":"","background-repeat":"repeat","background-position":"center center","background-size":"auto","background-attachment":"scroll","background-type":"","background-media":"","overlay-type":"","overlay-color":"","overlay-opacity":"","overlay-gradient":""},"tablet":{"background-color":"var(--ast-global-color-5)","background-image":"","background-repeat":"repeat","background-position":"center center","background-size":"auto","background-attachment":"scroll","background-type":"","background-media":"","overlay-type":"","overlay-color":"","overlay-opacity":"","overlay-gradient":""},"mobile":{"background-color":"var(--ast-global-color-5)","background-image":"","background-repeat":"repeat","background-position":"center center","background-size":"auto","background-attachment":"scroll","background-type":"","background-media":"","overlay-type":"","overlay-color":"","overlay-opacity":"","overlay-gradient":""}},"footnotes":""},"class_list":["post-265","page","type-page","status-publish","hentry"],"_links":{"self":[{"href":"https:\/\/mescyt.gob.do\/transparencia\/wp-json\/wp\/v2\/pages\/265","targetHints":{"allow":["GET"]}}],"collection":[{"href":"https:\/\/mescyt.gob.do\/transparencia\/wp-json\/wp\/v2\/pages"}],"about":[{"href":"https:\/\/mescyt.gob.do\/transparencia\/wp-json\/wp\/v2\/types\/page"}],"author":[{"embeddable":true,"href":"https:\/\/mescyt.gob.do\/transparencia\/wp-json\/wp\/v2\/users\/1"}],"replies":[{"embeddable":true,"href":"https:\/\/mescyt.gob.do\/transparencia\/wp-json\/wp\/v2\/comments?post=265"}],"version-history":[{"count":12,"href":"https:\/\/mescyt.gob.do\/transparencia\/wp-json\/wp\/v2\/pages\/265\/revisions"}],"predecessor-version":[{"id":15629,"href":"https:\/\/mescyt.gob.do\/transparencia\/wp-json\/wp\/v2\/pages\/265\/revisions\/15629"}],"up":[{"embeddable":true,"href":"https:\/\/mescyt.gob.do\/transparencia\/wp-json\/wp\/v2\/pages\/249"}],"wp:attachment":[{"href":"https:\/\/mescyt.gob.do\/transparencia\/wp-json\/wp\/v2\/media?parent=265"}],"curies":[{"name":"wp","href":"https:\/\/api.w.org\/{rel}","templated":true}]}}